{"id":7,"date":"2021-01-16T13:36:03","date_gmt":"2021-01-16T13:36:03","guid":{"rendered":"https:\/\/vaneki367209899.wordpress.com\/?page_id=6"},"modified":"2024-10-19T13:04:30","modified_gmt":"2024-10-19T11:04:30","slug":"home","status":"publish","type":"page","link":"https:\/\/www.pixheli.com\/vaneki\/","title":{"rendered":"Etusivu"},"content":{"rendered":"\n<div class=\"wp-block-jetpack-layout-grid alignfull column1-desktop-grid__span-10 column1-desktop-grid__start-2 column1-desktop-grid__row-1 column1-tablet-grid__span-8 column1-tablet-grid__row-1 column1-mobile-grid__span-4 column1-mobile-grid__row-1 wp-block-jetpack-layout-gutter__huge\">\n<div class=\"wp-block-jetpack-layout-grid-column wp-block-jetpack-layout-grid__padding-none\">\n<div class=\"wp-block-columns is-layout-flex wp-container-core-columns-is-layout-28f84493 wp-block-columns-is-layout-flex\">\n<div class=\"wp-block-column is-layout-flow wp-block-column-is-layout-flow\">\n<div class=\"wp-block-jetpack-layout-grid alignfull column1-desktop-grid__span-12 column1-desktop-grid__row-1 column1-tablet-grid__span-8 column1-tablet-grid__row-1 column1-mobile-grid__span-4 column1-mobile-grid__row-1 wp-block-jetpack-layout-gutter__nowrap are-vertically-aligned-center wp-block-jetpack-layout-gutter__none\">\n<div class=\"wp-block-jetpack-layout-grid-column wp-block-jetpack-layout-grid__padding-large is-vertically-aligned-center\">\n<figure class=\"wp-block-image size-large is-resized\"><img loading=\"lazy\" decoding=\"async\" width=\"1024\" height=\"364\" src=\"https:\/\/www.pixheli.com\/vaneki\/wp-content\/uploads\/Eki-1024x364.png\" alt=\"\" class=\"wp-image-671\" srcset=\"https:\/\/www.pixheli.com\/vaneki\/wp-content\/uploads\/Eki-1024x364.png 1024w, https:\/\/www.pixheli.com\/vaneki\/wp-content\/uploads\/Eki-300x107.png 300w, https:\/\/www.pixheli.com\/vaneki\/wp-content\/uploads\/Eki-768x273.png 768w, https:\/\/www.pixheli.com\/vaneki\/wp-content\/uploads\/Eki-1536x545.png 1536w, https:\/\/www.pixheli.com\/vaneki\/wp-content\/uploads\/Eki-1200x426.png 1200w, https:\/\/www.pixheli.com\/vaneki\/wp-content\/uploads\/Eki-1568x557.png 1568w, https:\/\/www.pixheli.com\/vaneki\/wp-content\/uploads\/Eki.png 2000w\" sizes=\"auto, (max-width: 1024px) 100vw, 1024px\" \/><\/figure>\n\n\n\n<h1 class=\"wp-block-heading has-text-align-center has-text-color\" style=\"color:#000000;font-size:35px;line-height:1.2\">Reissaamista ja rassailua<\/h1>\n\n\n\n<p><\/p>\n<\/div>\n<\/div>\n<\/div>\n<\/div>\n\n\n\n<h2 class=\"wp-block-heading\" style=\"font-size:24px;line-height:0\">Uusimmat postaukset<\/h2>\n\n\n\t\t\t\t<div\n\t\t\tclass=\"wp-block-newspack-blocks-homepage-articles is-style-default wpnbha is-grid columns-3 show-image image-aligntop ts-3 is-3 is-landscape show-category is-style-default\"\n\t\t\tstyle=\"\"\n\t\t\t>\n\t\t\t<div data-posts data-current-post-id=\"7\">\n\t\t\t\t\t\t\t\t\n\t<article data-post-id=\"1649\"\n\t\tclass=\"category-reissu type-post post-has-image\"\n\t\t\t\t>\n\t\t\t\t\t<figure class=\"post-thumbnail\">\n\t\t\t\t\t\t\t\t<a href=\"https:\/\/www.pixheli.com\/vaneki\/maakuntien-korkempien-kohtien-valloitus\/\" rel=\"bookmark\">\n\t\t\t\t\t\t\t\t\t<img loading=\"lazy\" decoding=\"async\" width=\"800\" height=\"600\" src=\"https:\/\/www.pixheli.com\/vaneki\/wp-content\/uploads\/6230116.jpg\" class=\"attachment-newspack-article-block-landscape-medium size-newspack-article-block-landscape-medium wp-post-image\" alt=\"\" srcset=\"https:\/\/www.pixheli.com\/vaneki\/wp-content\/uploads\/6230116.jpg 800w, https:\/\/www.pixheli.com\/vaneki\/wp-content\/uploads\/6230116-300x225.jpg 300w, https:\/\/www.pixheli.com\/vaneki\/wp-content\/uploads\/6230116-768x576.jpg 768w, https:\/\/www.pixheli.com\/vaneki\/wp-content\/uploads\/6230116-400x300.jpg 400w, https:\/\/www.pixheli.com\/vaneki\/wp-content\/uploads\/6230116-200x150.jpg 200w\" sizes=\"auto, (max-width: 800px) 100vw, 800px\" \/>\t\t\t\t\t\t\t\t<\/a>\n\t\t\t\t\n\t\t\t\t\t\t\t<\/figure><!-- .featured-image -->\n\t\t\n\t\t<div class=\"entry-wrapper\">\n\t\t\t\t\t\t\t\t\t\t\t<div class=\"cat-links\">\n\t\t\t\t\t\t\t\t\t\t\t<a href=\"https:\/\/www.pixheli.com\/vaneki\/category\/reissu\/\">\n\t\t\t\t\t\t\t\t\t\t\tReissu\t\t\t\t\t\t\t\t\t\t\t<\/a>\n\t\t\t\t\t\t\t\t\t<\/div>\n\t\t\t\t<h2 class=\"entry-title\"><a href=\"https:\/\/www.pixheli.com\/vaneki\/maakuntien-korkempien-kohtien-valloitus\/\" rel=\"bookmark\">Maakuntien korkempien kohtien valloitus<\/a><\/h2>\t\t\t\t\t\t<p>Projektin taustaa Olin innostunut korkeista paikoista kiipeilyharrastukseni my\u00f6t\u00e4, ja ulkomaanmatkoillani pyrin usein huiputtamaan jonkin l\u00e4hist\u00f6ll\u00e4 olevan korkeamman kohteen. Koska olen suorittajaluonne ja rakastan\u2026<\/p>\n\t\t\t\t<a class=\"more-link\" href=\"https:\/\/www.pixheli.com\/vaneki\/maakuntien-korkempien-kohtien-valloitus\/\" rel=\"bookmark\">\n\t\t\t\t\tLue lis\u00e4\u00e4\t\t\t\t<\/a>\n\t\t\t\t\t\t\t\t<div class=\"entry-meta\">\n\t\t\t\t\t<time class=\"entry-date published\" datetime=\"2025-02-12T12:54:53+02:00\">12\/02\/2025<\/time><time class=\"updated\" datetime=\"2025-02-12T14:09:12+02:00\">12\/02\/2025<\/time>\t\t\t\t<\/div><!-- .entry-meta -->\n\t\t\t\t\t<\/div><!-- .entry-wrapper -->\n\t<\/article>\n\n\t\t\n\t<article data-post-id=\"1479\"\n\t\tclass=\"category-reissu type-post post-has-image\"\n\t\t\t\t>\n\t\t\t\t\t<figure class=\"post-thumbnail\">\n\t\t\t\t\t\t\t\t<a href=\"https:\/\/www.pixheli.com\/vaneki\/haltin-vaellus\/\" rel=\"bookmark\">\n\t\t\t\t\t\t\t\t\t<img loading=\"lazy\" decoding=\"async\" width=\"800\" height=\"600\" src=\"https:\/\/www.pixheli.com\/vaneki\/wp-content\/uploads\/IMG_8247-1.jpg\" class=\"attachment-newspack-article-block-landscape-medium size-newspack-article-block-landscape-medium wp-post-image\" alt=\"\" srcset=\"https:\/\/www.pixheli.com\/vaneki\/wp-content\/uploads\/IMG_8247-1.jpg 800w, https:\/\/www.pixheli.com\/vaneki\/wp-content\/uploads\/IMG_8247-1-300x225.jpg 300w, https:\/\/www.pixheli.com\/vaneki\/wp-content\/uploads\/IMG_8247-1-768x576.jpg 768w, https:\/\/www.pixheli.com\/vaneki\/wp-content\/uploads\/IMG_8247-1-400x300.jpg 400w, https:\/\/www.pixheli.com\/vaneki\/wp-content\/uploads\/IMG_8247-1-200x150.jpg 200w\" sizes=\"auto, (max-width: 800px) 100vw, 800px\" \/>\t\t\t\t\t\t\t\t<\/a>\n\t\t\t\t\n\t\t\t\t\t\t\t<\/figure><!-- .featured-image -->\n\t\t\n\t\t<div class=\"entry-wrapper\">\n\t\t\t\t\t\t\t\t\t\t\t<div class=\"cat-links\">\n\t\t\t\t\t\t\t\t\t\t\t<a href=\"https:\/\/www.pixheli.com\/vaneki\/category\/reissu\/\">\n\t\t\t\t\t\t\t\t\t\t\tReissu\t\t\t\t\t\t\t\t\t\t\t<\/a>\n\t\t\t\t\t\t\t\t\t<\/div>\n\t\t\t\t<h2 class=\"entry-title\"><a href=\"https:\/\/www.pixheli.com\/vaneki\/haltin-vaellus\/\" rel=\"bookmark\">Haltin vaellus<\/a><\/h2>\t\t\t\t\t\t<p>Ajoin Helsingist\u00e4 Ouluun heti lomani alettua. Vietin viikonlopun vanhempieni luona kyt\u00e4ten levottomana Kilpisj\u00e4rven s\u00e4\u00e4ennusteita. Maanantaiksi oli luvassa tuulista mutta aurinkoista s\u00e4\u00e4t\u00e4, kun taas\u2026<\/p>\n\t\t\t\t<a class=\"more-link\" href=\"https:\/\/www.pixheli.com\/vaneki\/haltin-vaellus\/\" rel=\"bookmark\">\n\t\t\t\t\tLue lis\u00e4\u00e4\t\t\t\t<\/a>\n\t\t\t\t\t\t\t\t<div class=\"entry-meta\">\n\t\t\t\t\t<time class=\"entry-date published updated\" datetime=\"2024-10-10T18:47:46+02:00\">10\/10\/2024<\/time>\t\t\t\t<\/div><!-- .entry-meta -->\n\t\t\t\t\t<\/div><!-- .entry-wrapper -->\n\t<\/article>\n\n\t\t\n\t<article data-post-id=\"1392\"\n\t\tclass=\"category-reissu type-post post-has-image\"\n\t\t\t\t>\n\t\t\t\t\t<figure class=\"post-thumbnail\">\n\t\t\t\t\t\t\t\t<a href=\"https:\/\/www.pixheli.com\/vaneki\/haltin-vaellukselle-valmistautuminen\/\" rel=\"bookmark\">\n\t\t\t\t\t\t\t\t\t<img loading=\"lazy\" decoding=\"async\" width=\"400\" height=\"300\" src=\"https:\/\/www.pixheli.com\/vaneki\/wp-content\/uploads\/llista-400x300.jpg\" class=\"attachment-newspack-article-block-landscape-small size-newspack-article-block-landscape-small wp-post-image\" alt=\"\" srcset=\"https:\/\/www.pixheli.com\/vaneki\/wp-content\/uploads\/llista-400x300.jpg 400w, https:\/\/www.pixheli.com\/vaneki\/wp-content\/uploads\/llista-200x150.jpg 200w\" sizes=\"auto, (max-width: 400px) 100vw, 400px\" \/>\t\t\t\t\t\t\t\t<\/a>\n\t\t\t\t\n\t\t\t\t\t\t\t<\/figure><!-- .featured-image -->\n\t\t\n\t\t<div class=\"entry-wrapper\">\n\t\t\t\t\t\t\t\t\t\t\t<div class=\"cat-links\">\n\t\t\t\t\t\t\t\t\t\t\t<a href=\"https:\/\/www.pixheli.com\/vaneki\/category\/reissu\/\">\n\t\t\t\t\t\t\t\t\t\t\tReissu\t\t\t\t\t\t\t\t\t\t\t<\/a>\n\t\t\t\t\t\t\t\t\t<\/div>\n\t\t\t\t<h2 class=\"entry-title\"><a href=\"https:\/\/www.pixheli.com\/vaneki\/haltin-vaellukselle-valmistautuminen\/\" rel=\"bookmark\">Haltin vaellukselle valmistautuminen<\/a><\/h2>\t\t\t\t\t\t<p>Touko-elokuu 2024K\u00e4vin hiljattain Haltilla, ja reissuni her\u00e4tti sen verran paljon kysymyksi\u00e4, ett\u00e4 p\u00e4\u00e4tin jakaa kokemukseni t\u00e4\u00e4ll\u00e4 blogissa \u2013 instakuvien sijaan luvassa on siis\u2026<\/p>\n\t\t\t\t<a class=\"more-link\" href=\"https:\/\/www.pixheli.com\/vaneki\/haltin-vaellukselle-valmistautuminen\/\" rel=\"bookmark\">\n\t\t\t\t\tLue lis\u00e4\u00e4\t\t\t\t<\/a>\n\t\t\t\t\t\t\t\t<div class=\"entry-meta\">\n\t\t\t\t\t<time class=\"entry-date published\" datetime=\"2024-09-22T22:18:52+02:00\">22\/09\/2024<\/time><time class=\"updated\" datetime=\"2024-10-10T18:59:04+02:00\">10\/10\/2024<\/time>\t\t\t\t<\/div><!-- .entry-meta -->\n\t\t\t\t\t<\/div><!-- .entry-wrapper -->\n\t<\/article>\n\n\t\t\t\t\t<\/div>\n\t\t\t\n\t\t<\/div>\n\t\t\t\t\n\n\n<div class=\"wp-block-buttons is-layout-flex wp-block-buttons-is-layout-flex\">\n<div class=\"wp-block-button\"><a class=\"wp-block-button__link wp-element-button\" href=\"https:\/\/www.pixheli.com\/vaneki\/blogi\/\">Lue lis\u00e4\u00e4 postauksia &gt;<\/a><\/div>\n<\/div>\n\n\n\n<div class=\"wp-block-columns alignwide are-vertically-aligned-center has-background is-layout-flex wp-container-core-columns-is-layout-28f84493 wp-block-columns-is-layout-flex\" style=\"background-color:#badae0\">\n<div class=\"wp-block-column is-vertically-aligned-center is-layout-flow wp-block-column-is-layout-flow\" style=\"flex-basis:33.33%\">\n<figure class=\"wp-block-image size-large is-style-rounded\"><img loading=\"lazy\" decoding=\"async\" width=\"713\" height=\"722\" src=\"https:\/\/www.pixheli.com\/vaneki\/wp-content\/uploads\/42839909_10156993643283606_8740558991991504896_o-1.jpg\" alt=\"\" class=\"wp-image-779\" srcset=\"https:\/\/www.pixheli.com\/vaneki\/wp-content\/uploads\/42839909_10156993643283606_8740558991991504896_o-1.jpg 713w, https:\/\/www.pixheli.com\/vaneki\/wp-content\/uploads\/42839909_10156993643283606_8740558991991504896_o-1-296x300.jpg 296w\" sizes=\"auto, (max-width: 713px) 100vw, 713px\" \/><\/figure>\n<\/div>\n\n\n\n<div class=\"wp-block-column is-layout-flow wp-block-column-is-layout-flow\" style=\"flex-basis:66.66%\">\n<h2 class=\"wp-block-heading\" style=\"font-size:24px\">Heli Hintikka<\/h2>\n\n\n\n<p style=\"font-size:17px;line-height:1.4\">Olen harrastuksia ker\u00e4ilev\u00e4 ulkoholisti, intohimoinen kiipeilij\u00e4 ja IT-alan jokapaikan h\u00f6yl\u00e4. Kes\u00e4ll\u00e4 2020 toteutin pitk\u00e4aikaisen haaveeni liikkuvasta kes\u00e4m\u00f6kist\u00e4, ja aloitin pakettiautokonversioprojektin. Projektini on her\u00e4tt\u00e4nyt paljon kiinnostusta ja toivon, ett\u00e4 t\u00e4st\u00e4 blogista on hy\u00f6ty\u00e4 ja hupia muille pakuaskartelijoille tai siit\u00e4 haaveileville. Remppapostausten lis\u00e4ksi t\u00e4ss\u00e4 blogissa reissataan ja testaillaan uusia ideoita. Kiipeilyn lis\u00e4ksi Eki -pakuni vie minut geok\u00e4tk\u00f6ilem\u00e4\u00e4n, melomaan, py\u00f6r\u00e4ilem\u00e4\u00e4n ja vaelluksille. Mukana seikkaili silloin t\u00e4ll\u00f6in  edesmennyt Lissu-kissa.<\/p>\n\n\n\n<div class=\"wp-block-buttons is-layout-flex wp-block-buttons-is-layout-flex\">\n<div class=\"wp-block-button is-style-fill\"><a class=\"wp-block-button__link wp-element-button\" href=\"https:\/\/www.pixheli.com\/vaneki\/ajatus-on-istutettu\/\">Aloita matka t\u00e4st\u00e4! <\/a><\/div>\n<\/div>\n<\/div>\n<\/div>\n\n\n\n<div class=\"wp-block-columns is-layout-flex wp-container-core-columns-is-layout-28f84493 wp-block-columns-is-layout-flex\">\n<div class=\"wp-block-column instagram-feed is-layout-flow wp-block-column-is-layout-flow\" style=\"padding-top:0px;padding-right:0px;padding-bottom:0px;padding-left:0px\">\n<div class=\"wp-block-columns is-layout-flex wp-container-core-columns-is-layout-c6bc58be wp-block-columns-is-layout-flex\" style=\"padding-top:0px;padding-right:0px;padding-bottom:0px;padding-left:0px\">\n<div class=\"wp-block-column instagram is-layout-flow wp-block-column-is-layout-flow\" style=\"padding-top:0px;padding-right:0px;padding-bottom:0px;padding-left:0px\">\n<h2 class=\"wp-block-heading\" style=\"font-size:24px\">Instagram #EkiTheVan<\/h2>\n<\/div>\n<\/div>\n\n\n\n<div class=\"wp-block-columns is-layout-flex wp-container-core-columns-is-layout-c6bc58be wp-block-columns-is-layout-flex\" style=\"padding-top:0px;padding-right:0px;padding-bottom:0px;padding-left:0px\">\n<div class=\"wp-block-column is-layout-flow wp-block-column-is-layout-flow\" style=\"padding-top:0px;padding-right:0px;padding-bottom:0px;padding-left:0px\">\n<div class=\"taggbox-container\" style=\"width:100%;height:100%;overflow:visible;\"><div class=\"taggbox-socialwall\" data-wall-id=\"94842\" view-url=\"https:\/\/widget.taggbox.com\/94842\"><\/div><script src=\"https:\/\/widget.taggbox.com\/embed.min.js\" type=\"text\/javascript\"><\/script><\/div>\n<\/div>\n<\/div>\n<\/div>\n<\/div>\n<\/div>\n<\/div>\n","protected":false},"excerpt":{"rendered":"<p>Reissaamista ja rassailua Uusimmat postaukset Heli Hintikka Olen harrastuksia ker\u00e4ilev\u00e4 ulkoholisti, intohimoinen kiipeilij\u00e4 ja IT-alan jokapaikan h\u00f6yl\u00e4. Kes\u00e4ll\u00e4 2020 toteutin pitk\u00e4aikaisen haaveeni liikkuvasta<a class=\"more-link\" href=\"https:\/\/www.pixheli.com\/vaneki\/\">Continue reading <span class=\"screen-reader-text\">&#8221;Etusivu&#8221;<\/span><\/a><\/p>\n","protected":false},"author":2,"featured_media":0,"parent":0,"menu_order":0,"comment_status":"closed","ping_status":"closed","template":"","meta":{"_starter_page_template":"","footnotes":""},"class_list":["post-7","page","type-page","status-publish","hentry","entry"],"_links":{"self":[{"href":"https:\/\/www.pixheli.com\/vaneki\/wp-json\/wp\/v2\/pages\/7","targetHints":{"allow":["GET"]}}],"collection":[{"href":"https:\/\/www.pixheli.com\/vaneki\/wp-json\/wp\/v2\/pages"}],"about":[{"href":"https:\/\/www.pixheli.com\/vaneki\/wp-json\/wp\/v2\/types\/page"}],"author":[{"embeddable":true,"href":"https:\/\/www.pixheli.com\/vaneki\/wp-json\/wp\/v2\/users\/2"}],"replies":[{"embeddable":true,"href":"https:\/\/www.pixheli.com\/vaneki\/wp-json\/wp\/v2\/comments?post=7"}],"version-history":[{"count":54,"href":"https:\/\/www.pixheli.com\/vaneki\/wp-json\/wp\/v2\/pages\/7\/revisions"}],"predecessor-version":[{"id":1647,"href":"https:\/\/www.pixheli.com\/vaneki\/wp-json\/wp\/v2\/pages\/7\/revisions\/1647"}],"wp:attachment":[{"href":"https:\/\/www.pixheli.com\/vaneki\/wp-json\/wp\/v2\/media?parent=7"}],"curies":[{"name":"wp","href":"https:\/\/api.w.org\/{rel}","templated":true}]}}